{"id":1944,"date":"2017-11-15T09:41:57","date_gmt":"2017-11-15T09:41:57","guid":{"rendered":"http:\/\/www.zimmerei-spindler.de\/wordpress\/?page_id=8"},"modified":"2019-03-01T11:07:54","modified_gmt":"2019-03-01T10:07:54","slug":"kontakt","status":"publish","type":"page","link":"https:\/\/www.zimmerei-spindler.de\/wordpress\/kontakt\/","title":{"rendered":"KONTAKT"},"content":{"rendered":"<p><div class=\"fusion-fullwidth fullwidth-box fusion-parallax-none nonhundred-percent-fullwidth non-hundred-percent-height-scrolling\"  style='background-color: #eeeeee;background-image: url(\"https:\/\/www.zimmerei-spindler.de\/wordpress\/wp-content\/uploads\/2019\/01\/spindler_back04.jpg\");background-position: center center;background-repeat: no-repeat;padding-top:45px;padding-right:0px;padding-bottom:0px;padding-left:0px;-webkit-background-size:cover;-moz-background-size:cover;-o-background-size:cover;background-size:cover;'><div class=\"fusion-builder-row fusion-row \"><div  class=\"fusion-layout-column fusion_builder_column fusion_builder_column_1_6  fusion-one-sixth fusion-column-first fusion-no-small-visibility 1_6\"  style='margin-top:15px;margin-bottom:15px;width:16.66%;width:calc(16.66% - ( ( 4% + 4% ) * 0.1666 ) );margin-right: 4%;'>\n\t\t\t\t\t<div class=\"fusion-column-wrapper\" style=\"padding: 0px 0px 0px 0px;background-position:left top;background-repeat:no-repeat;-webkit-background-size:cover;-moz-background-size:cover;-o-background-size:cover;background-size:cover;\"   data-bg-url=\"\">\n\t\t\t\t\t\t<div class=\"fusion-clearfix\"><\/div>\n\n\t\t\t\t\t<\/div>\n\t\t\t\t<\/div><div  data-animationType=zoomIn data-animationDuration=0.9 data-animationOffset=100% class=\"fusion-layout-column fusion_builder_column fusion_builder_column_2_3  fusion-two-third fusion-animated 2_3\"  style='margin-top:85px;margin-bottom:60px;width:66.66%;width:calc(66.66% - ( ( 4% + 4% ) * 0.6666 ) );margin-right: 4%;'>\n\t\t\t\t\t<div class=\"fusion-column-wrapper\" style=\"padding: 0px 0px 0px 0px;background-position:left top;background-repeat:no-repeat;-webkit-background-size:cover;-moz-background-size:cover;-o-background-size:cover;background-size:cover;\"   data-bg-url=\"\">\n\t\t\t\t\t\t<div class=\"fusion-title title fusion-sep-none fusion-title-center fusion-title-size-one\" style=\"margin-top:15px;margin-bottom:15px;\"><h1 class=\"title-heading-center\"><span style=\"color: #333645;\">WIR F\u00dcR SIE<\/span><\/h1><\/div><div class=\"fusion-sep-clear\"><\/div><div class=\"fusion-separator fusion-full-width-sep sep-single\" style=\"border-color:#e0dede;border-top-width:1px;margin-left: auto;margin-right: auto;margin-top:;\"><\/div><div class=\"fusion-text\"><p style=\"text-align: center;\">Wir sind Ihr Partner f\u00fcr wohngesunde (T)r\u00e4ume. Gerne unterst\u00fctzen wir Sie bei Ihrem Bauvorhaben. Lassen Sie sich von uns beraten.<\/p>\n<\/div><div class=\"fusion-clearfix\"><\/div>\n\n\t\t\t\t\t<\/div>\n\t\t\t\t<\/div><div  class=\"fusion-layout-column fusion_builder_column fusion_builder_column_1_6  fusion-one-sixth fusion-column-last fusion-no-small-visibility 1_6\"  style='margin-top:15px;margin-bottom:15px;width:16.66%;width:calc(16.66% - ( ( 4% + 4% ) * 0.1666 ) );'>\n\t\t\t\t\t<div class=\"fusion-column-wrapper\" style=\"padding: 0px 0px 0px 0px;background-position:left top;background-repeat:no-repeat;-webkit-background-size:cover;-moz-background-size:cover;-o-background-size:cover;background-size:cover;\"   data-bg-url=\"\">\n\t\t\t\t\t\t<div class=\"fusion-clearfix\"><\/div>\n\n\t\t\t\t\t<\/div>\n\t\t\t\t<\/div><\/div><\/div><div class=\"fusion-fullwidth fullwidth-box nonhundred-percent-fullwidth non-hundred-percent-height-scrolling\"  style='background-color: #aaa591;background-position: center center;background-repeat: no-repeat;padding-top:40px;padding-right:0px;padding-bottom:75px;padding-left:0px;'><div class=\"fusion-builder-row fusion-row \"><div  class=\"fusion-layout-column fusion_builder_column fusion_builder_column_1_6  fusion-one-sixth fusion-column-first fusion-no-small-visibility 1_6\"  style='margin-top:15px;margin-bottom:15px;width:16.66%;width:calc(16.66% - ( ( 4% + 4% ) * 0.1666 ) );margin-right: 4%;'>\n\t\t\t\t\t<div class=\"fusion-column-wrapper\" style=\"padding: 0px 0px 0px 0px;background-position:left top;background-repeat:no-repeat;-webkit-background-size:cover;-moz-background-size:cover;-o-background-size:cover;background-size:cover;\"   data-bg-url=\"\">\n\t\t\t\t\t\t<div class=\"fusion-clearfix\"><\/div>\n\n\t\t\t\t\t<\/div>\n\t\t\t\t<\/div><div  data-animationType=zoomIn data-animationDuration=0.9 data-animationOffset=100% class=\"fusion-layout-column fusion_builder_column fusion_builder_column_2_3  fusion-two-third fusion-animated 2_3\"  style='margin-top:80px;margin-bottom:40px;width:66.66%;width:calc(66.66% - ( ( 4% + 4% ) * 0.6666 ) );margin-right: 4%;'>\n\t\t\t\t\t<div class=\"fusion-column-wrapper\" style=\"padding: 0px 0px 0px 0px;background-position:left top;background-repeat:no-repeat;-webkit-background-size:cover;-moz-background-size:cover;-o-background-size:cover;background-size:cover;\"   data-bg-url=\"\">\n\t\t\t\t\t\t<div class=\"fusion-title title fusion-sep-none fusion-title-center fusion-title-size-two\" style=\"margin-top:0px;margin-bottom:15px;\"><h2 class=\"title-heading-center\"><span style=\"color: #ffffff;\">Kontakt<\/span><\/h2><\/div><div class=\"fusion-clearfix\"><\/div>\n\n\t\t\t\t\t<\/div>\n\t\t\t\t<\/div><div  class=\"fusion-layout-column fusion_builder_column fusion_builder_column_1_6  fusion-one-sixth fusion-column-last fusion-no-small-visibility 1_6\"  style='margin-top:15px;margin-bottom:15px;width:16.66%;width:calc(16.66% - ( ( 4% + 4% ) * 0.1666 ) );'>\n\t\t\t\t\t<div class=\"fusion-column-wrapper\" style=\"padding: 0px 0px 0px 0px;background-position:left top;background-repeat:no-repeat;-webkit-background-size:cover;-moz-background-size:cover;-o-background-size:cover;background-size:cover;\"   data-bg-url=\"\">\n\t\t\t\t\t\t<div class=\"fusion-clearfix\"><\/div>\n\n\t\t\t\t\t<\/div>\n\t\t\t\t<\/div><div  data-animationType=fadeInRight data-animationDuration=1.0 data-animationOffset=100% class=\"fusion-layout-column fusion_builder_column fusion_builder_column_1_3  fusion-one-third fusion-column-first fusion-spacing-no fusion-animated 1_3\"  style='margin-top:15px;margin-bottom:15px;width:33.33%;width:calc(33.33% - ( ( 0px + 0px ) * 0.3333 ) );margin-right: 0px;'>\n\t\t\t\t\t<div class=\"fusion-column-wrapper\" style=\"border-right:1px solid #5e6276;padding: 10px 0px 15px 0px;background-position:right center;background-repeat:repeat-y;\"   data-bg-url=\"\">\n\t\t\t\t\t\t<div class=\"fusion-text\"><p style=\"text-align: center; letter-spacing: 1px; margin: 0px;\"><span style=\"color: #ffffff;\">TELEFON<\/span><\/p>\n<\/div><div class=\"fusion-title title fusion-sep-none fusion-title-center fusion-title-size-three\" style=\"margin-top:5px;margin-bottom:5px;\"><h3 class=\"title-heading-center\"><p class=\"title-heading-center\" data-fontsize=\"26\" data-lineheight=\"29\"><span style=\"color: #ffffff;\">08179 \u2013 99 71 36<\/span><\/p><\/h3><\/div><div class=\"fusion-clearfix\"><\/div>\n\n\t\t\t\t\t<\/div>\n\t\t\t\t<\/div><div  data-animationType=fadeInUp data-animationDuration=1.0 data-animationOffset=100% class=\"fusion-layout-column fusion_builder_column fusion_builder_column_1_3  fusion-one-third fusion-spacing-no fusion-animated 1_3\"  style='margin-top:15px;margin-bottom:15px;width:33.33%;width:calc(33.33% - ( ( 0px + 0px ) * 0.3333 ) );margin-right: 0px;'>\n\t\t\t\t\t<div class=\"fusion-column-wrapper\" style=\"border-right:1px solid #5e6276;padding: 10px 0px 15px 0px;background-position:left top;background-repeat:no-repeat;-webkit-background-size:cover;-moz-background-size:cover;-o-background-size:cover;background-size:cover;\"   data-bg-url=\"\">\n\t\t\t\t\t\t<div class=\"fusion-text\"><p style=\"text-align: center; letter-spacing: 1px; margin: 0px;\"><span style=\"color: #ffffff;\">MOBIL<\/span><\/p>\n<\/div><div class=\"fusion-title title fusion-sep-none fusion-title-center fusion-title-size-three\" style=\"margin-top:5px;margin-bottom:5px;\"><h3 class=\"title-heading-center\"><p class=\"title-heading-center\" data-fontsize=\"26\" data-lineheight=\"29\"><span style=\"color: #ffffff;\">0160 \u2013 977 66 479<\/span><\/p><\/h3><\/div><div class=\"fusion-clearfix\"><\/div>\n\n\t\t\t\t\t<\/div>\n\t\t\t\t<\/div><div  data-animationType=fadeInLeft data-animationDuration=1.0 data-animationOffset=100% class=\"fusion-layout-column fusion_builder_column fusion_builder_column_1_3  fusion-one-third fusion-column-last fusion-spacing-no fusion-animated 1_3\"  style='margin-top:15px;margin-bottom:60px;width:33.33%;width:calc(33.33% - ( ( 0px + 0px ) * 0.3333 ) );'>\n\t\t\t\t\t<div class=\"fusion-column-wrapper\" style=\"padding: 10px 0px 30px 0px;background-position:left center;background-repeat:repeat-y;\"   data-bg-url=\"\">\n\t\t\t\t\t\t<div class=\"fusion-text\"><p style=\"text-align: center; letter-spacing: 1px; margin: 0px;\"><span style=\"color: #ffffff;\">E-MAIL<\/span><\/p>\n<\/div><div class=\"fusion-title title fusion-sep-none fusion-title-center fusion-title-size-three\" style=\"margin-top:5px;margin-bottom:5px;\"><h3 class=\"title-heading-center\"><p class=\"title-heading-center\" data-fontsize=\"26\" data-lineheight=\"29\"><a href=\"mailto:info@zimmerei-spindler.de\"><span style=\"color: #ffffff;\">info@zimmerei-spindler.de<\/span><\/a><\/p><\/h3><\/div><div class=\"fusion-clearfix\"><\/div>\n\n\t\t\t\t\t<\/div>\n\t\t\t\t<\/div><div  data-animationType=slideInUp data-animationDuration=0.9 data-animationOffset=100% class=\"fusion-layout-column fusion_builder_column fusion_builder_column_1_1  fusion-one-full fusion-column-first fusion-column-last fusion-animated 1_1\"  style='margin-top:15px;margin-bottom:15px;'>\n\t\t\t\t\t<div class=\"fusion-column-wrapper\" style=\"border:1px solid #4a4c60;padding: 20px 20px 20px 20px;background-position:left top;background-repeat:no-repeat;-webkit-background-size:cover;-moz-background-size:cover;-o-background-size:cover;background-size:cover;\"   data-bg-url=\"\">\n\t\t\t\t\t\t<div class=\"shortcode-map fusion-google-map fusion-maps-embed-type\" style=\"height:440px;width:100%;\"><iframe width=\"100%\" height=\"440px\" frameborder=\"0\" style=\"border:0\" src=\"https:\/\/www.google.com\/maps\/embed\/v1\/place?key=AIzaSyBRTR1acUCrs8w74JQUGfbbnlWxNRh2zMM&q=Faistenberg+3,+82547+Eurasburg&maptype=roadmap&zoom=11\" allowfullscreen><\/iframe><\/div><div class=\"fusion-clearfix\"><\/div>\n\n\t\t\t\t\t<\/div>\n\t\t\t\t<\/div><\/div><\/div><div class=\"fusion-fullwidth fullwidth-box fusion-parallax-none nonhundred-percent-fullwidth non-hundred-percent-height-scrolling\"  style='background-color: #ffffff;background-image: url(\"https:\/\/www.zimmerei-spindler.de\/wordpress\/wp-content\/uploads\/2019\/01\/spindler_back05.jpg\");background-position: center center;background-repeat: repeat-x;padding-top:40px;padding-right:0px;padding-bottom:70px;padding-left:0px;'><div class=\"fusion-builder-row fusion-row \"><div  data-animationType=zoomIn data-animationDuration=0.9 data-animationOffset=100% class=\"fusion-layout-column fusion_builder_column fusion_builder_column_1_4  fusion-one-fourth fusion-column-first fusion-no-small-visibility fusion-animated 1_4\"  style='margin-top:15px;margin-bottom:15px;width:25%;width:calc(25% - ( ( 4% + 4% ) * 0.25 ) );margin-right: 4%;'>\n\t\t\t\t\t<div class=\"fusion-column-wrapper\" style=\"padding: 0px 0px 0px 0px;background-position:left top;background-repeat:no-repeat;-webkit-background-size:cover;-moz-background-size:cover;-o-background-size:cover;background-size:cover;\"   data-bg-url=\"\">\n\t\t\t\t\t\t<div class=\"fusion-clearfix\"><\/div>\n\n\t\t\t\t\t<\/div>\n\t\t\t\t<\/div><div  data-animationType=zoomIn data-animationDuration=0.9 data-animationOffset=100% class=\"fusion-layout-column fusion_builder_column fusion_builder_column_1_2  fusion-one-half fusion-animated 1_2\"  style='margin-top:70px;margin-bottom:55px;width:50%;width:calc(50% - ( ( 4% + 4% ) * 0.5 ) );margin-right: 4%;'>\n\t\t\t\t\t<div class=\"fusion-column-wrapper\" style=\"padding: 0px 0px 0px 0px;background-position:left top;background-repeat:no-repeat;-webkit-background-size:cover;-moz-background-size:cover;-o-background-size:cover;background-size:cover;\"   data-bg-url=\"\">\n\t\t\t\t\t\t<div class=\"fusion-title title fusion-sep-none fusion-title-center fusion-title-size-two\" style=\"margin-top:0px;margin-bottom:15px;\"><h2 class=\"title-heading-center\">Ihr Kontakt zu Holzbau Spindler<\/h2><\/div><div class=\"fusion-sep-clear\"><\/div><div class=\"fusion-separator sep-single\" style=\"border-color:#e0dede;border-top-width:2px;margin-left: auto;margin-right: auto;margin-top:16px;margin-bottom:36px;width:100%;max-width:24%;\"><\/div><div class=\"fusion-text\"><p style=\"text-align: center;\">Sie sind neugierig geworden, haben Fragen oder ben\u00f6tigen unsere Beratung? Nehmen Sie Kontakt mit uns auf!<\/p>\n<\/div><div class=\"fusion-sep-clear\"><\/div><div class=\"fusion-separator fusion-full-width-sep sep-none\" style=\"margin-left: auto;margin-right: auto;margin-top:40px;\"><\/div><div role=\"form\" class=\"wpcf7\" id=\"wpcf7-f131-o1\" lang=\"en-US\" dir=\"ltr\">\n<div class=\"screen-reader-response\"><p role=\"status\" aria-live=\"polite\" aria-atomic=\"true\"><\/p> <ul><\/ul><\/div>\n<form action=\"\/wordpress\/wp-json\/wp\/v2\/pages\/1944#wpcf7-f131-o1\" method=\"post\" class=\"wpcf7-form init\" novalidate=\"novalidate\" data-status=\"init\">\n<div style=\"display: none;\">\n<input type=\"hidden\" name=\"_wpcf7\" value=\"131\" \/>\n<input type=\"hidden\" name=\"_wpcf7_version\" value=\"5.6.1\" \/>\n<input type=\"hidden\" name=\"_wpcf7_locale\" value=\"en_US\" \/>\n<input type=\"hidden\" name=\"_wpcf7_unit_tag\" value=\"wpcf7-f131-o1\" \/>\n<input type=\"hidden\" name=\"_wpcf7_container_post\" value=\"0\" \/>\n<input type=\"hidden\" name=\"_wpcf7_posted_data_hash\" value=\"\" \/>\n<\/div>\n<div style=\"margin:16px 0;\"><span class=\"wpcf7-form-control-wrap\" data-name=\"contact-name\"><input type=\"text\" name=\"contact-name\" value=\"\" size=\"40\" class=\"wpcf7-form-control wpcf7-text wpcf7-validates-as-required\" aria-required=\"true\" aria-invalid=\"false\" placeholder=\"Name\" \/><\/span><\/div>\n<div style=\"margin:16px 0;\"><span class=\"wpcf7-form-control-wrap\" data-name=\"contact-tel\"><input type=\"tel\" name=\"contact-tel\" value=\"\" size=\"40\" class=\"wpcf7-form-control wpcf7-text wpcf7-tel wpcf7-validates-as-required wpcf7-validates-as-tel\" aria-required=\"true\" aria-invalid=\"false\" placeholder=\"Telefon\" \/><\/span><\/div>\n<div style=\"margin:16px 0;\"><span class=\"wpcf7-form-control-wrap\" data-name=\"contact-email\"><input type=\"email\" name=\"contact-email\" value=\"\" size=\"40\" class=\"wpcf7-form-control wpcf7-text wpcf7-email wpcf7-validates-as-required wpcf7-validates-as-email\" aria-required=\"true\" aria-invalid=\"false\" placeholder=\"E-Mail\" \/><\/span><\/div>\n<div style=\"margin:16px 0;\"><span class=\"wpcf7-form-control-wrap\" data-name=\"contact-message\"><textarea name=\"contact-message\" cols=\"40\" rows=\"10\" class=\"wpcf7-form-control wpcf7-textarea wpcf7-validates-as-required\" aria-required=\"true\" aria-invalid=\"false\" placeholder=\"Ihre Nachricht\"><\/textarea><\/span><\/div>\n<div style=\"margin:16px 0;\"><input type=\"submit\" value=\"Absenden\" class=\"wpcf7-form-control has-spinner wpcf7-submit\" \/><\/div>\n<p><span class=\"wpcf7-form-control-wrap\" data-name=\"checkbox-288\"><span class=\"wpcf7-form-control wpcf7-checkbox wpcf7-validates-as-required\"><span class=\"wpcf7-list-item first last\"><input type=\"checkbox\" name=\"checkbox-288[]\" value=\"\u201cHiermit best\u00e4tige ich, dass ich die Datenschutzerkl\u00e4rung zur Kenntnis genommen habe. Ich stimme zu, dass sie meine Angaben und Daten zur Beantwortung meiner Anfrage elektronisch erhoben und gespeichert werden.\u201c\" \/><span class=\"wpcf7-list-item-label\">\u201cHiermit best\u00e4tige ich, dass ich die Datenschutzerkl\u00e4rung zur Kenntnis genommen habe. Ich stimme zu, dass sie meine Angaben und Daten zur Beantwortung meiner Anfrage elektronisch erhoben und gespeichert werden.\u201c<\/span><\/span><\/span><\/span><\/p>\n<div style=\"clear:both\"><\/div>\n<div class=\"fusion-alert alert custom alert-custom fusion-alert-center alert-dismissable wpcf7-response-output\" style=\"border-width:1px;\"><button style=\"color:;border-color:;\" type=\"button\" class=\"close toggle-alert\" data-dismiss=\"alert\" aria-hidden=\"true\">&times;<\/button><div class=\"fusion-alert-content-wrapper\"><span class=\"fusion-alert-content\"><\/span><\/div><\/div><\/form><\/div><div class=\"fusion-clearfix\"><\/div>\n\n\t\t\t\t\t<\/div>\n\t\t\t\t<\/div><div  data-animationType=zoomIn data-animationDuration=0.9 data-animationOffset=100% class=\"fusion-layout-column fusion_builder_column fusion_builder_column_1_4  fusion-one-fourth fusion-column-last fusion-no-small-visibility fusion-animated 1_4\"  style='margin-top:15px;margin-bottom:15px;width:25%;width:calc(25% - ( ( 4% + 4% ) * 0.25 ) );'>\n\t\t\t\t\t<div class=\"fusion-column-wrapper\" style=\"padding: 0px 0px 0px 0px;background-position:left top;background-repeat:no-repeat;-webkit-background-size:cover;-moz-background-size:cover;-o-background-size:cover;background-size:cover;\"   data-bg-url=\"\">\n\t\t\t\t\t\t<div class=\"fusion-clearfix\"><\/div>\n\n\t\t\t\t\t<\/div>\n\t\t\t\t<\/div><\/div><\/div><\/p>\n","protected":false},"excerpt":{"rendered":"","protected":false},"author":1,"featured_media":0,"parent":0,"menu_order":0,"comment_status":"closed","ping_status":"closed","template":"100-width.php","meta":[],"_links":{"self":[{"href":"https:\/\/www.zimmerei-spindler.de\/wordpress\/wp-json\/wp\/v2\/pages\/1944"}],"collection":[{"href":"https:\/\/www.zimmerei-spindler.de\/wordpress\/wp-json\/wp\/v2\/pages"}],"about":[{"href":"https:\/\/www.zimmerei-spindler.de\/wordpress\/wp-json\/wp\/v2\/types\/page"}],"author":[{"embeddable":true,"href":"https:\/\/www.zimmerei-spindler.de\/wordpress\/wp-json\/wp\/v2\/users\/1"}],"replies":[{"embeddable":true,"href":"https:\/\/www.zimmerei-spindler.de\/wordpress\/wp-json\/wp\/v2\/comments?post=1944"}],"version-history":[{"count":26,"href":"https:\/\/www.zimmerei-spindler.de\/wordpress\/wp-json\/wp\/v2\/pages\/1944\/revisions"}],"predecessor-version":[{"id":2418,"href":"https:\/\/www.zimmerei-spindler.de\/wordpress\/wp-json\/wp\/v2\/pages\/1944\/revisions\/2418"}],"wp:attachment":[{"href":"https:\/\/www.zimmerei-spindler.de\/wordpress\/wp-json\/wp\/v2\/media?parent=1944"}],"curies":[{"name":"wp","href":"https:\/\/api.w.org\/{rel}","templated":true}]}}