{"id":1945,"date":"2017-11-15T09:42:27","date_gmt":"2017-11-15T09:42:27","guid":{"rendered":"http:\/\/www.zimmerei-spindler.de\/wordpress\/?page_id=10"},"modified":"2022-07-23T09:21:33","modified_gmt":"2022-07-23T07:21:33","slug":"unternehmen","status":"publish","type":"page","link":"https:\/\/www.zimmerei-spindler.de\/wordpress\/unternehmen\/","title":{"rendered":"UNTERNEHMEN"},"content":{"rendered":"<p><div class=\"fusion-fullwidth fullwidth-box fusion-parallax-none nonhundred-percent-fullwidth non-hundred-percent-height-scrolling\"  style='background-color: #eeeeee;background-image: url(\"https:\/\/www.zimmerei-spindler.de\/wordpress\/wp-content\/uploads\/2019\/01\/spindler_back01.jpg\");background-position: center center;background-repeat: no-repeat;padding-top:45px;padding-right:0px;padding-bottom:0px;padding-left:0px;-webkit-background-size:cover;-moz-background-size:cover;-o-background-size:cover;background-size:cover;'><div class=\"fusion-builder-row fusion-row \"><div  class=\"fusion-layout-column fusion_builder_column fusion_builder_column_1_6  fusion-one-sixth fusion-column-first fusion-no-small-visibility 1_6\"  style='margin-top:15px;margin-bottom:15px;width:16.66%;width:calc(16.66% - ( ( 4% + 4% ) * 0.1666 ) );margin-right: 4%;'>\n\t\t\t\t\t<div class=\"fusion-column-wrapper\" style=\"padding: 0px 0px 0px 0px;background-position:left top;background-repeat:no-repeat;-webkit-background-size:cover;-moz-background-size:cover;-o-background-size:cover;background-size:cover;\"   data-bg-url=\"\">\n\t\t\t\t\t\t<div class=\"fusion-clearfix\"><\/div>\n\n\t\t\t\t\t<\/div>\n\t\t\t\t<\/div><div  data-animationType=zoomIn data-animationDuration=0.9 data-animationOffset=100% class=\"fusion-layout-column fusion_builder_column fusion_builder_column_2_3  fusion-two-third fusion-animated 2_3\"  style='margin-top:85px;margin-bottom:60px;width:66.66%;width:calc(66.66% - ( ( 4% + 4% ) * 0.6666 ) );margin-right: 4%;'>\n\t\t\t\t\t<div class=\"fusion-column-wrapper\" style=\"padding: 0px 0px 0px 0px;background-position:left top;background-repeat:no-repeat;-webkit-background-size:cover;-moz-background-size:cover;-o-background-size:cover;background-size:cover;\"   data-bg-url=\"\">\n\t\t\t\t\t\t<div class=\"fusion-title title fusion-sep-none fusion-title-center fusion-title-size-one\" style=\"margin-top:15px;margin-bottom:15px;\"><h1 class=\"title-heading-center\"><span style=\"color: #333645;\">AUS \u00dcBERZEUGUNG<\/span><\/h1><\/div><div class=\"fusion-sep-clear\"><\/div><div class=\"fusion-separator sep-single\" style=\"border-color:#e0dede;border-top-width:2px;margin-left: auto;margin-right: auto;margin-top:16px;margin-bottom:36px;width:100%;max-width:24%;\"><\/div><div class=\"fusion-text\"><p style=\"text-align: center;\">Als kleiner Familienbetrieb \u00fcbernehmen wir kleine und mittelgro\u00dfe Projekte rund um \u00f6kologischen Hausbau und Sanierung.<\/p>\n<p style=\"text-align: center;\">Auf Wunsch bekommen Sie bei uns das \u201cRundum-Sorglos-Paket\u201d.<\/p>\n<\/div><div class=\"fusion-clearfix\"><\/div>\n\n\t\t\t\t\t<\/div>\n\t\t\t\t<\/div><div  class=\"fusion-layout-column fusion_builder_column fusion_builder_column_1_6  fusion-one-sixth fusion-column-last fusion-no-small-visibility 1_6\"  style='margin-top:15px;margin-bottom:15px;width:16.66%;width:calc(16.66% - ( ( 4% + 4% ) * 0.1666 ) );'>\n\t\t\t\t\t<div class=\"fusion-column-wrapper\" style=\"padding: 0px 0px 0px 0px;background-position:left top;background-repeat:no-repeat;-webkit-background-size:cover;-moz-background-size:cover;-o-background-size:cover;background-size:cover;\"   data-bg-url=\"\">\n\t\t\t\t\t\t<div class=\"fusion-clearfix\"><\/div>\n\n\t\t\t\t\t<\/div>\n\t\t\t\t<\/div><\/div><\/div><div class=\"fusion-fullwidth fullwidth-box hundred-percent-fullwidth non-hundred-percent-height-scrolling\"  style='background-color: #e0e0e0;background-position: center center;background-repeat: no-repeat;padding-top:0px;padding-right:0px;padding-bottom:0px;padding-left:0px;'><div class=\"fusion-builder-row fusion-row \"><div  class=\"fusion-layout-column fusion_builder_column fusion_builder_column_1_1  fusion-one-full fusion-column-first fusion-column-last 1_1\"  style='margin-top:0px;margin-bottom:0px;'>\n\t\t\t\t\t<div class=\"fusion-column-wrapper\" style=\"padding: 0px 0px 0px 0px;background-position:left top;background-repeat:no-repeat;-webkit-background-size:cover;-moz-background-size:cover;-o-background-size:cover;background-size:cover;\"   data-bg-url=\"\">\n\t\t\t\t\t\t<div class=\"fusion-sep-clear\"><\/div><div class=\"fusion-separator fusion-full-width-sep sep-single\" style=\"border-color:#e0dede;border-top-width:0px;margin-left: auto;margin-right: auto;margin-top:-11px;\"><\/div><div class=\"fusion-image-carousel fusion-image-carousel-auto lightbox-enabled\"><div class=\"fusion-carousel\" data-autoplay=\"no\" data-columns=\"5\" data-itemmargin=\"0\" data-itemwidth=\"180\" data-touchscroll=\"no\" data-imagesize=\"auto\"><div class=\"fusion-carousel-positioner\"><ul class=\"fusion-carousel-holder\"><li class=\"fusion-carousel-item\"><div class=\"fusion-carousel-item-wrapper\"><div class=\"fusion-image-wrapper hover-type-liftup\"><a data-rel=\"iLightbox[gallery_image_1]\" data-title=\"Holzbau Spindler Beuerberg\" aria-label=\"Holzbau Spindler Beuerberg\" href=\"https:\/\/www.zimmerei-spindler.de\/wordpress\/wp-content\/uploads\/2019\/01\/spindler_karussell_06-1.jpg\" target=\"_self\"><img width=\"1000\" height=\"610\" src=\"https:\/\/www.zimmerei-spindler.de\/wordpress\/wp-content\/uploads\/2019\/01\/spindler_karussell_06-1-200x122.jpg\" class=\"attachment-full size-full\" alt=\"Holzbau Spindler Beuerberg\" loading=\"lazy\" srcset=\"https:\/\/www.zimmerei-spindler.de\/wordpress\/wp-content\/uploads\/2019\/01\/spindler_karussell_06-1-200x122.jpg 200w, https:\/\/www.zimmerei-spindler.de\/wordpress\/wp-content\/uploads\/2019\/01\/spindler_karussell_06-1-400x244.jpg 400w, https:\/\/www.zimmerei-spindler.de\/wordpress\/wp-content\/uploads\/2019\/01\/spindler_karussell_06-1-600x366.jpg 600w, https:\/\/www.zimmerei-spindler.de\/wordpress\/wp-content\/uploads\/2019\/01\/spindler_karussell_06-1-800x488.jpg 800w, https:\/\/www.zimmerei-spindler.de\/wordpress\/wp-content\/uploads\/2019\/01\/spindler_karussell_06-1.jpg 1000w\" sizes=\"(min-width: 2200px) 100vw, (min-width: 928px) 236px, (min-width: 856px) 295px, (min-width: 784px) 393px, (min-width: 712px) 590px, (min-width: 640px) 712px, \" \/><\/a><\/div><\/div><\/li><li class=\"fusion-carousel-item\"><div class=\"fusion-carousel-item-wrapper\"><div class=\"fusion-image-wrapper hover-type-liftup\"><a data-rel=\"iLightbox[gallery_image_1]\" data-title=\"spindler_karussell_08\" aria-label=\"spindler_karussell_08\" href=\"https:\/\/www.zimmerei-spindler.de\/wordpress\/wp-content\/uploads\/2022\/07\/spindler_karussell_08.jpg\" target=\"_self\"><img width=\"1000\" height=\"610\" src=\"https:\/\/www.zimmerei-spindler.de\/wordpress\/wp-content\/uploads\/2022\/07\/spindler_karussell_08.jpg\" class=\"attachment-full size-full\" alt=\"\" loading=\"lazy\" srcset=\"https:\/\/www.zimmerei-spindler.de\/wordpress\/wp-content\/uploads\/2022\/07\/spindler_karussell_08-200x122.jpg 200w, https:\/\/www.zimmerei-spindler.de\/wordpress\/wp-content\/uploads\/2022\/07\/spindler_karussell_08-400x244.jpg 400w, https:\/\/www.zimmerei-spindler.de\/wordpress\/wp-content\/uploads\/2022\/07\/spindler_karussell_08-600x366.jpg 600w, https:\/\/www.zimmerei-spindler.de\/wordpress\/wp-content\/uploads\/2022\/07\/spindler_karussell_08-800x488.jpg 800w, https:\/\/www.zimmerei-spindler.de\/wordpress\/wp-content\/uploads\/2022\/07\/spindler_karussell_08.jpg 1000w\" sizes=\"(min-width: 2200px) 100vw, (min-width: 928px) 236px, (min-width: 856px) 295px, (min-width: 784px) 393px, (min-width: 712px) 590px, (min-width: 640px) 712px, \" \/><\/a><\/div><\/div><\/li><li class=\"fusion-carousel-item\"><div class=\"fusion-carousel-item-wrapper\"><div class=\"fusion-image-wrapper hover-type-liftup\"><a data-rel=\"iLightbox[gallery_image_1]\" data-title=\"Holzbau Spindler Beuerberg\" aria-label=\"Holzbau Spindler Beuerberg\" href=\"https:\/\/www.zimmerei-spindler.de\/wordpress\/wp-content\/uploads\/2019\/01\/spindler_karussell_03-1.jpg\" target=\"_self\"><img width=\"1000\" height=\"610\" src=\"https:\/\/www.zimmerei-spindler.de\/wordpress\/wp-content\/uploads\/2019\/01\/spindler_karussell_03-1-200x122.jpg\" class=\"attachment-full size-full\" alt=\"Holzbau Spindler Beuerberg\" loading=\"lazy\" srcset=\"https:\/\/www.zimmerei-spindler.de\/wordpress\/wp-content\/uploads\/2019\/01\/spindler_karussell_03-1-200x122.jpg 200w, https:\/\/www.zimmerei-spindler.de\/wordpress\/wp-content\/uploads\/2019\/01\/spindler_karussell_03-1-400x244.jpg 400w, https:\/\/www.zimmerei-spindler.de\/wordpress\/wp-content\/uploads\/2019\/01\/spindler_karussell_03-1-600x366.jpg 600w, https:\/\/www.zimmerei-spindler.de\/wordpress\/wp-content\/uploads\/2019\/01\/spindler_karussell_03-1-800x488.jpg 800w, https:\/\/www.zimmerei-spindler.de\/wordpress\/wp-content\/uploads\/2019\/01\/spindler_karussell_03-1.jpg 1000w\" sizes=\"(min-width: 2200px) 100vw, (min-width: 928px) 236px, (min-width: 856px) 295px, (min-width: 784px) 393px, (min-width: 712px) 590px, (min-width: 640px) 712px, \" \/><\/a><\/div><\/div><\/li><li class=\"fusion-carousel-item\"><div class=\"fusion-carousel-item-wrapper\"><div class=\"fusion-image-wrapper hover-type-liftup\"><a data-rel=\"iLightbox[gallery_image_1]\" data-title=\"Holzbau Spindler Beuerberg\" aria-label=\"Holzbau Spindler Beuerberg\" href=\"https:\/\/www.zimmerei-spindler.de\/wordpress\/wp-content\/uploads\/2019\/01\/spindler_karussell_02-1.jpg\" target=\"_self\"><img width=\"1000\" height=\"610\" src=\"https:\/\/www.zimmerei-spindler.de\/wordpress\/wp-content\/uploads\/2019\/01\/spindler_karussell_02-1-200x122.jpg\" class=\"attachment-full size-full\" alt=\"Holzbau Spindler Beuerberg\" loading=\"lazy\" srcset=\"https:\/\/www.zimmerei-spindler.de\/wordpress\/wp-content\/uploads\/2019\/01\/spindler_karussell_02-1-200x122.jpg 200w, https:\/\/www.zimmerei-spindler.de\/wordpress\/wp-content\/uploads\/2019\/01\/spindler_karussell_02-1-400x244.jpg 400w, https:\/\/www.zimmerei-spindler.de\/wordpress\/wp-content\/uploads\/2019\/01\/spindler_karussell_02-1-600x366.jpg 600w, https:\/\/www.zimmerei-spindler.de\/wordpress\/wp-content\/uploads\/2019\/01\/spindler_karussell_02-1-800x488.jpg 800w, https:\/\/www.zimmerei-spindler.de\/wordpress\/wp-content\/uploads\/2019\/01\/spindler_karussell_02-1.jpg 1000w\" sizes=\"(min-width: 2200px) 100vw, (min-width: 928px) 236px, (min-width: 856px) 295px, (min-width: 784px) 393px, (min-width: 712px) 590px, (min-width: 640px) 712px, \" \/><\/a><\/div><\/div><\/li><li class=\"fusion-carousel-item\"><div class=\"fusion-carousel-item-wrapper\"><div class=\"fusion-image-wrapper hover-type-liftup\"><a data-rel=\"iLightbox[gallery_image_1]\" data-title=\"Holzbau Spindler Beuerberg\" aria-label=\"Holzbau Spindler Beuerberg\" href=\"https:\/\/www.zimmerei-spindler.de\/wordpress\/wp-content\/uploads\/2019\/01\/spindler_karussell_07-1.jpg\" target=\"_self\"><img width=\"1000\" height=\"610\" src=\"https:\/\/www.zimmerei-spindler.de\/wordpress\/wp-content\/uploads\/2019\/01\/spindler_karussell_07-1-200x122.jpg\" class=\"attachment-full size-full\" alt=\"Holzbau Spindler Beuerberg\" loading=\"lazy\" srcset=\"https:\/\/www.zimmerei-spindler.de\/wordpress\/wp-content\/uploads\/2019\/01\/spindler_karussell_07-1-200x122.jpg 200w, https:\/\/www.zimmerei-spindler.de\/wordpress\/wp-content\/uploads\/2019\/01\/spindler_karussell_07-1-400x244.jpg 400w, https:\/\/www.zimmerei-spindler.de\/wordpress\/wp-content\/uploads\/2019\/01\/spindler_karussell_07-1-600x366.jpg 600w, https:\/\/www.zimmerei-spindler.de\/wordpress\/wp-content\/uploads\/2019\/01\/spindler_karussell_07-1-800x488.jpg 800w, https:\/\/www.zimmerei-spindler.de\/wordpress\/wp-content\/uploads\/2019\/01\/spindler_karussell_07-1.jpg 1000w\" sizes=\"(min-width: 2200px) 100vw, (min-width: 928px) 236px, (min-width: 856px) 295px, (min-width: 784px) 393px, (min-width: 712px) 590px, (min-width: 640px) 712px, \" \/><\/a><\/div><\/div><\/li><li class=\"fusion-carousel-item\"><div class=\"fusion-carousel-item-wrapper\"><div class=\"fusion-image-wrapper hover-type-liftup\"><a data-rel=\"iLightbox[gallery_image_1]\" data-title=\"Holzbau Spindler Beuerberg\" aria-label=\"Holzbau Spindler Beuerberg\" href=\"https:\/\/www.zimmerei-spindler.de\/wordpress\/wp-content\/uploads\/2019\/01\/spindler_karussell_04-1.jpg\" target=\"_self\"><img width=\"1000\" height=\"610\" src=\"https:\/\/www.zimmerei-spindler.de\/wordpress\/wp-content\/uploads\/2019\/01\/spindler_karussell_04-1-200x122.jpg\" class=\"attachment-full size-full\" alt=\"Holzbau Spindler Beuerberg\" loading=\"lazy\" srcset=\"https:\/\/www.zimmerei-spindler.de\/wordpress\/wp-content\/uploads\/2019\/01\/spindler_karussell_04-1-200x122.jpg 200w, https:\/\/www.zimmerei-spindler.de\/wordpress\/wp-content\/uploads\/2019\/01\/spindler_karussell_04-1-400x244.jpg 400w, https:\/\/www.zimmerei-spindler.de\/wordpress\/wp-content\/uploads\/2019\/01\/spindler_karussell_04-1-600x366.jpg 600w, https:\/\/www.zimmerei-spindler.de\/wordpress\/wp-content\/uploads\/2019\/01\/spindler_karussell_04-1-800x488.jpg 800w, https:\/\/www.zimmerei-spindler.de\/wordpress\/wp-content\/uploads\/2019\/01\/spindler_karussell_04-1.jpg 1000w\" sizes=\"(min-width: 2200px) 100vw, (min-width: 928px) 236px, (min-width: 856px) 295px, (min-width: 784px) 393px, (min-width: 712px) 590px, (min-width: 640px) 712px, \" \/><\/a><\/div><\/div><\/li><li class=\"fusion-carousel-item\"><div class=\"fusion-carousel-item-wrapper\"><div class=\"fusion-image-wrapper hover-type-liftup\"><a data-rel=\"iLightbox[gallery_image_1]\" data-title=\"Holzbau Spindler Beuerberg\" aria-label=\"Holzbau Spindler Beuerberg\" href=\"https:\/\/www.zimmerei-spindler.de\/wordpress\/wp-content\/uploads\/2019\/01\/spindler_karussell_05-1.jpg\" target=\"_self\"><img width=\"1000\" height=\"610\" src=\"https:\/\/www.zimmerei-spindler.de\/wordpress\/wp-content\/uploads\/2019\/01\/spindler_karussell_05-1-200x122.jpg\" class=\"attachment-full size-full\" alt=\"Holzbau Spindler Beuerberg\" loading=\"lazy\" srcset=\"https:\/\/www.zimmerei-spindler.de\/wordpress\/wp-content\/uploads\/2019\/01\/spindler_karussell_05-1-200x122.jpg 200w, https:\/\/www.zimmerei-spindler.de\/wordpress\/wp-content\/uploads\/2019\/01\/spindler_karussell_05-1-400x244.jpg 400w, https:\/\/www.zimmerei-spindler.de\/wordpress\/wp-content\/uploads\/2019\/01\/spindler_karussell_05-1-600x366.jpg 600w, https:\/\/www.zimmerei-spindler.de\/wordpress\/wp-content\/uploads\/2019\/01\/spindler_karussell_05-1-800x488.jpg 800w, https:\/\/www.zimmerei-spindler.de\/wordpress\/wp-content\/uploads\/2019\/01\/spindler_karussell_05-1.jpg 1000w\" sizes=\"(min-width: 2200px) 100vw, (min-width: 928px) 236px, (min-width: 856px) 295px, (min-width: 784px) 393px, (min-width: 712px) 590px, (min-width: 640px) 712px, \" \/><\/a><\/div><\/div><\/li><\/ul><div class=\"fusion-carousel-nav\"><span class=\"fusion-nav-prev\"><\/span><span class=\"fusion-nav-next\"><\/span><\/div><\/div><\/div><\/div><div class=\"fusion-sep-clear\"><\/div><div class=\"fusion-separator fusion-full-width-sep sep-single\" style=\"border-color:#e0dede;border-top-width:0px;margin-left: auto;margin-right: auto;margin-top:-49px;\"><\/div><div class=\"fusion-clearfix\"><\/div>\n\n\t\t\t\t\t<\/div>\n\t\t\t\t<\/div><\/div><\/div><div class=\"fusion-fullwidth fullwidth-box nonhundred-percent-fullwidth non-hundred-percent-height-scrolling fusion-equal-height-columns\"  style='background-color: #aaa591;background-position: right top;background-repeat: no-repeat;padding-top:60px;padding-right:0px;padding-bottom:60px;padding-left:0px;'><div class=\"fusion-builder-row fusion-row \"><div  data-animationType=zoomIn data-animationDuration=1.0 data-animationOffset=100% class=\"fusion-layout-column fusion_builder_column fusion_builder_column_2_5  fusion-two-fifth fusion-column-first fusion-animated 2_5\"  style='margin-top:15px;margin-bottom:15px;width:40%;width:calc(40% - ( ( 6% ) * 0.4 ) );margin-right: 6%;'>\n\t\t\t\t\t<div class=\"fusion-column-wrapper\" style=\"padding: 2% 0px 0px 0px;background-position:left top;background-repeat:no-repeat;-webkit-background-size:cover;-moz-background-size:cover;-o-background-size:cover;background-size:cover;\"   data-bg-url=\"\">\n\t\t\t\t\t\t<div class=\"fusion-column-content-centered\"><div class=\"fusion-column-content\"><div class=\"fusion-title title fusion-sep-none fusion-title-size-three\" style=\"margin-top:0px;margin-bottom:0px;\"><h3 class=\"title-heading-left\"><span style=\"color: #ffffff;\">GERNE BERATEN WIR SIE!<\/span><\/h3><\/div><div class=\"fusion-sep-clear\"><\/div><div class=\"fusion-separator sep-single sep-solid\" style=\"border-color:#ffffff;border-top-width:1px;margin-top:20px;margin-bottom:20px;width:100%;max-width:50%;\"><\/div><div class=\"fusion-text\"><p> <span style=\"color: #ffffff;\">Sie sind neugierig geworden, haben Fragen oder ben\u00f6tigen unsere Beratung?<\/span> <\/p>\n<\/div><\/div><\/div><div class=\"fusion-clearfix\"><\/div>\n\n\t\t\t\t\t<\/div>\n\t\t\t\t<\/div><div  data-animationType=slideInRight data-animationDuration=1.0 data-animationOffset=100% class=\"fusion-layout-column fusion_builder_column fusion_builder_column_3_5  fusion-three-fifth fusion-column-last fusion-animated 3_5\"  style='margin-top:15px;margin-bottom:15px;width:60%;width:calc(60% - ( ( 6% ) * 0.6 ) );'>\n\t\t\t\t\t<div class=\"fusion-column-wrapper\" style=\"padding: 0px 0px 0px 0px;background-position:left top;background-repeat:no-repeat;-webkit-background-size:cover;-moz-background-size:cover;-o-background-size:cover;background-size:cover;\"   data-bg-url=\"\">\n\t\t\t\t\t\t<div class=\"fusion-column-content-centered\"><div class=\"fusion-column-content\"><div class=\"fusion-builder-row fusion-builder-row-inner fusion-row \"><div  class=\"fusion-layout-column fusion_builder_column fusion_builder_column_1_1  fusion-one-full fusion-column-first fusion-column-last fusion-no-small-visibility 1_1\"  style='margin-top: 15px;margin-bottom: 15px;'><div class=\"fusion-column-wrapper\" style=\"padding: 0px 0px 0px 0px;background-position:left top;background-repeat:no-repeat;-webkit-background-size:cover;-moz-background-size:cover;-o-background-size:cover;background-size:cover;\"  data-bg-url=\"\"><div role=\"form\" class=\"wpcf7\" id=\"wpcf7-f334-o1\" lang=\"en-US\" dir=\"ltr\">\n<div class=\"screen-reader-response\"><p role=\"status\" aria-live=\"polite\" aria-atomic=\"true\"><\/p> <ul><\/ul><\/div>\n<form action=\"\/wordpress\/wp-json\/wp\/v2\/pages\/1945#wpcf7-f334-o1\" method=\"post\" class=\"wpcf7-form init\" novalidate=\"novalidate\" data-status=\"init\">\n<div style=\"display: none;\">\n<input type=\"hidden\" name=\"_wpcf7\" value=\"334\" \/>\n<input type=\"hidden\" name=\"_wpcf7_version\" value=\"5.6.1\" \/>\n<input type=\"hidden\" name=\"_wpcf7_locale\" value=\"en_US\" \/>\n<input type=\"hidden\" name=\"_wpcf7_unit_tag\" value=\"wpcf7-f334-o1\" \/>\n<input type=\"hidden\" name=\"_wpcf7_container_post\" value=\"0\" \/>\n<input type=\"hidden\" name=\"_wpcf7_posted_data_hash\" value=\"\" \/>\n<\/div>\n<div style=\"width:47%; float:left; margin:15px 1%;\">\n<div style=\"margin-bottom:16px;\"><span class=\"wpcf7-form-control-wrap\" data-name=\"quote-name\"><input type=\"text\" name=\"quote-name\" value=\"\" size=\"40\" class=\"wpcf7-form-control wpcf7-text wpcf7-validates-as-required\" aria-required=\"true\" aria-invalid=\"false\" placeholder=\"Name\" \/><\/span><\/div>\n<div style=\"margin-top:16px;\"><span class=\"wpcf7-form-control-wrap\" data-name=\"quote-tel\"><input type=\"tel\" name=\"quote-tel\" value=\"\" size=\"40\" class=\"wpcf7-form-control wpcf7-text wpcf7-tel wpcf7-validates-as-required wpcf7-validates-as-tel\" aria-required=\"true\" aria-invalid=\"false\" placeholder=\"Telefone\" \/><\/span><\/div>\n<\/div>\n<div style=\"width:47%; float:left; margin:15px 1%;\">\n<div style=\"margin-bottom:16px;\"><span class=\"wpcf7-form-control-wrap\" data-name=\"quote-email\"><input type=\"email\" name=\"quote-email\" value=\"\" size=\"40\" class=\"wpcf7-form-control wpcf7-text wpcf7-email wpcf7-validates-as-required wpcf7-validates-as-email\" aria-required=\"true\" aria-invalid=\"false\" placeholder=\"E-Mail\" \/><\/span><\/div>\n<div style=\"margin-top:18px;\"><input type=\"submit\" value=\"Absenden\" class=\"wpcf7-form-control has-spinner wpcf7-submit\" \/><\/div>\n<\/div>\n<p><span class=\"wpcf7-form-control-wrap\" data-name=\"checkbox-288\"><span class=\"wpcf7-form-control wpcf7-checkbox wpcf7-validates-as-required\"><span class=\"wpcf7-list-item first last\"><input type=\"checkbox\" name=\"checkbox-288[]\" value=\"\u201cHiermit best\u00e4tige ich, dass ich die Datenschutzerkl\u00e4rung zur Kenntnis genommen habe. Ich stimme zu, dass sie meine Angaben und Daten zur Beantwortung meiner Anfrage elektronisch erhoben und gespeichert werden.\u201c\" \/><span class=\"wpcf7-list-item-label\">\u201cHiermit best\u00e4tige ich, dass ich die Datenschutzerkl\u00e4rung zur Kenntnis genommen habe. Ich stimme zu, dass sie meine Angaben und Daten zur Beantwortung meiner Anfrage elektronisch erhoben und gespeichert werden.\u201c<\/span><\/span><\/span><\/span><\/p>\n<div style=\"clear:both\"><\/div>\n<div class=\"fusion-alert alert custom alert-custom fusion-alert-center alert-dismissable wpcf7-response-output\" style=\"border-width:1px;\"><button style=\"color:;border-color:;\" type=\"button\" class=\"close toggle-alert\" data-dismiss=\"alert\" aria-hidden=\"true\">&times;<\/button><div class=\"fusion-alert-content-wrapper\"><span class=\"fusion-alert-content\"><\/span><\/div><\/div><\/form><\/div><\/div><\/div><div  class=\"fusion-layout-column fusion_builder_column fusion_builder_column_1_1  fusion-one-full fusion-column-first fusion-column-last fusion-no-medium-visibility fusion-no-large-visibility 1_1\"  style='margin-top: 15px;margin-bottom: 15px;'><div class=\"fusion-column-wrapper\" style=\"padding: 0px 0px 0px 0px;background-position:left top;background-repeat:no-repeat;-webkit-background-size:cover;-moz-background-size:cover;-o-background-size:cover;background-size:cover;\"  data-bg-url=\"\"><div role=\"form\" class=\"wpcf7\" id=\"wpcf7-f131-o2\" lang=\"en-US\" dir=\"ltr\">\n<div class=\"screen-reader-response\"><p role=\"status\" aria-live=\"polite\" aria-atomic=\"true\"><\/p> <ul><\/ul><\/div>\n<form action=\"\/wordpress\/wp-json\/wp\/v2\/pages\/1945#wpcf7-f131-o2\" method=\"post\" class=\"wpcf7-form init\" novalidate=\"novalidate\" data-status=\"init\">\n<div style=\"display: none;\">\n<input type=\"hidden\" name=\"_wpcf7\" value=\"131\" \/>\n<input type=\"hidden\" name=\"_wpcf7_version\" value=\"5.6.1\" \/>\n<input type=\"hidden\" name=\"_wpcf7_locale\" value=\"en_US\" \/>\n<input type=\"hidden\" name=\"_wpcf7_unit_tag\" value=\"wpcf7-f131-o2\" \/>\n<input type=\"hidden\" name=\"_wpcf7_container_post\" value=\"0\" \/>\n<input type=\"hidden\" name=\"_wpcf7_posted_data_hash\" value=\"\" \/>\n<\/div>\n<div style=\"margin:16px 0;\"><span class=\"wpcf7-form-control-wrap\" data-name=\"contact-name\"><input type=\"text\" name=\"contact-name\" value=\"\" size=\"40\" class=\"wpcf7-form-control wpcf7-text wpcf7-validates-as-required\" aria-required=\"true\" aria-invalid=\"false\" placeholder=\"Name\" \/><\/span><\/div>\n<div style=\"margin:16px 0;\"><span class=\"wpcf7-form-control-wrap\" data-name=\"contact-tel\"><input type=\"tel\" name=\"contact-tel\" value=\"\" size=\"40\" class=\"wpcf7-form-control wpcf7-text wpcf7-tel wpcf7-validates-as-required wpcf7-validates-as-tel\" aria-required=\"true\" aria-invalid=\"false\" placeholder=\"Telefon\" \/><\/span><\/div>\n<div style=\"margin:16px 0;\"><span class=\"wpcf7-form-control-wrap\" data-name=\"contact-email\"><input type=\"email\" name=\"contact-email\" value=\"\" size=\"40\" class=\"wpcf7-form-control wpcf7-text wpcf7-email wpcf7-validates-as-required wpcf7-validates-as-email\" aria-required=\"true\" aria-invalid=\"false\" placeholder=\"E-Mail\" \/><\/span><\/div>\n<div style=\"margin:16px 0;\"><span class=\"wpcf7-form-control-wrap\" data-name=\"contact-message\"><textarea name=\"contact-message\" cols=\"40\" rows=\"10\" class=\"wpcf7-form-control wpcf7-textarea wpcf7-validates-as-required\" aria-required=\"true\" aria-invalid=\"false\" placeholder=\"Ihre Nachricht\"><\/textarea><\/span><\/div>\n<div style=\"margin:16px 0;\"><input type=\"submit\" value=\"Absenden\" class=\"wpcf7-form-control has-spinner wpcf7-submit\" \/><\/div>\n<p><span class=\"wpcf7-form-control-wrap\" data-name=\"checkbox-288\"><span class=\"wpcf7-form-control wpcf7-checkbox wpcf7-validates-as-required\"><span class=\"wpcf7-list-item first last\"><input type=\"checkbox\" name=\"checkbox-288[]\" value=\"\u201cHiermit best\u00e4tige ich, dass ich die Datenschutzerkl\u00e4rung zur Kenntnis genommen habe. Ich stimme zu, dass sie meine Angaben und Daten zur Beantwortung meiner Anfrage elektronisch erhoben und gespeichert werden.\u201c\" \/><span class=\"wpcf7-list-item-label\">\u201cHiermit best\u00e4tige ich, dass ich die Datenschutzerkl\u00e4rung zur Kenntnis genommen habe. Ich stimme zu, dass sie meine Angaben und Daten zur Beantwortung meiner Anfrage elektronisch erhoben und gespeichert werden.\u201c<\/span><\/span><\/span><\/span><\/p>\n<div style=\"clear:both\"><\/div>\n<div class=\"fusion-alert alert custom alert-custom fusion-alert-center alert-dismissable wpcf7-response-output\" style=\"border-width:1px;\"><button style=\"color:;border-color:;\" type=\"button\" class=\"close toggle-alert\" data-dismiss=\"alert\" aria-hidden=\"true\">&times;<\/button><div class=\"fusion-alert-content-wrapper\"><span class=\"fusion-alert-content\"><\/span><\/div><\/div><\/form><\/div><\/div><\/div><\/div><\/div><\/div><div class=\"fusion-clearfix\"><\/div>\n\n\t\t\t\t\t<\/div>\n\t\t\t\t<\/div><\/div><\/div><\/p>\n","protected":false},"excerpt":{"rendered":"","protected":false},"author":1,"featured_media":0,"parent":0,"menu_order":0,"comment_status":"closed","ping_status":"closed","template":"100-width.php","meta":[],"_links":{"self":[{"href":"https:\/\/www.zimmerei-spindler.de\/wordpress\/wp-json\/wp\/v2\/pages\/1945"}],"collection":[{"href":"https:\/\/www.zimmerei-spindler.de\/wordpress\/wp-json\/wp\/v2\/pages"}],"about":[{"href":"https:\/\/www.zimmerei-spindler.de\/wordpress\/wp-json\/wp\/v2\/types\/page"}],"author":[{"embeddable":true,"href":"https:\/\/www.zimmerei-spindler.de\/wordpress\/wp-json\/wp\/v2\/users\/1"}],"replies":[{"embeddable":true,"href":"https:\/\/www.zimmerei-spindler.de\/wordpress\/wp-json\/wp\/v2\/comments?post=1945"}],"version-history":[{"count":24,"href":"https:\/\/www.zimmerei-spindler.de\/wordpress\/wp-json\/wp\/v2\/pages\/1945\/revisions"}],"predecessor-version":[{"id":2501,"href":"https:\/\/www.zimmerei-spindler.de\/wordpress\/wp-json\/wp\/v2\/pages\/1945\/revisions\/2501"}],"wp:attachment":[{"href":"https:\/\/www.zimmerei-spindler.de\/wordpress\/wp-json\/wp\/v2\/media?parent=1945"}],"curies":[{"name":"wp","href":"https:\/\/api.w.org\/{rel}","templated":true}]}}